{"id":91,"date":"2018-08-09T12:35:35","date_gmt":"2018-08-09T11:35:35","guid":{"rendered":"https:\/\/demo.themeisle.com\/neve\/?page_id=2"},"modified":"2025-05-28T15:11:01","modified_gmt":"2025-05-28T14:11:01","slug":"mouvements-modernes","status":"publish","type":"page","link":"https:\/\/mouvements-modernes.eu\/en\/","title":{"rendered":"Bouger pour (mieux) \u00eatre | Mouvements Modernes\u00ae | Tours et sa r\u00e9gion, France"},"content":{"rendered":"<div data-elementor-type=\"wp-post\" data-elementor-id=\"91\" class=\"elementor elementor-91\">\n\t\t\t\t\t\t<section class=\"elementor-section elementor-top-section elementor-element elementor-element-450d1c77 elementor-section-stretched elementor-reverse-tablet elementor-reverse-mobile elementor-section-boxed elementor-section-height-default elementor-section-height-default elementor-invisible\" data-id=\"450d1c77\" data-element_type=\"section\" data-e-type=\"section\" data-settings=\"{&quot;stretch_section&quot;:&quot;section-stretched&quot;,&quot;animation&quot;:&quot;fadeIn&quot;,&quot;animation_mobile&quot;:&quot;none&quot;}\">\n\t\t\t\t\t\t<div class=\"elementor-container elementor-column-gap-no\">\n\t\t\t\t\t<div class=\"elementor-column elementor-col-50 elementor-top-column elementor-element elementor-element-72732b06\" data-id=\"72732b06\" data-element_type=\"column\" data-e-type=\"column\">\n\t\t\t<div class=\"elementor-widget-wrap elementor-element-populated\">\n\t\t\t\t\t\t<section class=\"elementor-section elementor-inner-section elementor-element elementor-element-f8a6d7d elementor-section-full_width elementor-hidden-tablet elementor-section-height-default elementor-section-height-default elementor-invisible\" data-id=\"f8a6d7d\" data-element_type=\"section\" data-e-type=\"section\" data-settings=\"{&quot;animation&quot;:&quot;fadeIn&quot;}\">\n\t\t\t\t\t\t<div class=\"elementor-container elementor-column-gap-no\">\n\t\t\t\t\t<div class=\"elementor-column elementor-col-100 elementor-inner-column elementor-element elementor-element-0aafbc4\" data-id=\"0aafbc4\" data-element_type=\"column\" data-e-type=\"column\">\n\t\t\t<div class=\"elementor-widget-wrap elementor-element-populated\">\n\t\t\t\t\t\t<div class=\"elementor-element elementor-element-f4bdc4b elementor-widget elementor-widget-video\" data-id=\"f4bdc4b\" data-element_type=\"widget\" data-e-type=\"widget\" data-settings=\"{&quot;video_type&quot;:&quot;hosted&quot;,&quot;autoplay&quot;:&quot;yes&quot;,&quot;mute&quot;:&quot;yes&quot;,&quot;loop&quot;:&quot;yes&quot;}\" data-widget_type=\"video.default\">\n\t\t\t\t<div class=\"elementor-widget-container\">\n\t\t\t\t\t\t\t<div class=\"e-hosted-video elementor-wrapper elementor-open-inline\">\n\t\t\t\t\t<video class=\"elementor-video\" src=\"https:\/\/mouvements-modernes.eu\/wp-content\/uploads\/2021\/10\/magnetic_ball_1_1.mp4\" autoplay=\"\" loop=\"\" muted=\"muted\" controlslist=\"nodownload\"><\/video>\n\t\t\t\t<\/div>\n\t\t\t\t\t\t<\/div>\n\t\t\t\t<\/div>\n\t\t\t\t\t<\/div>\n\t\t<\/div>\n\t\t\t\t\t<\/div>\n\t\t<\/section>\n\t\t\t\t\t<\/div>\n\t\t<\/div>\n\t\t\t\t<div class=\"elementor-column elementor-col-50 elementor-top-column elementor-element elementor-element-76d9e84e\" data-id=\"76d9e84e\" data-element_type=\"column\" data-e-type=\"column\">\n\t\t\t<div class=\"elementor-widget-wrap elementor-element-populated\">\n\t\t\t\t\t\t<section class=\"elementor-section elementor-inner-section elementor-element elementor-element-1b5a5a1 elementor-section-boxed elementor-section-height-default elementor-section-height-default\" data-id=\"1b5a5a1\" data-element_type=\"section\" data-e-type=\"section\" data-settings=\"{&quot;background_background&quot;:&quot;classic&quot;}\">\n\t\t\t\t\t\t<div class=\"elementor-container elementor-column-gap-default\">\n\t\t\t\t\t<div class=\"elementor-column elementor-col-100 elementor-inner-column elementor-element elementor-element-7707e49\" data-id=\"7707e49\" data-element_type=\"column\" data-e-type=\"column\">\n\t\t\t<div class=\"elementor-widget-wrap elementor-element-populated\">\n\t\t\t\t\t\t<div class=\"elementor-element elementor-element-a83dbc0 elementor-hidden-desktop elementor-hidden-tablet elementor-hidden-mobile elementor-widget elementor-widget-heading\" data-id=\"a83dbc0\" data-element_type=\"widget\" data-e-type=\"widget\" data-widget_type=\"heading.default\">\n\t\t\t\t<div class=\"elementor-widget-container\">\n\t\t\t\t\t<h2 class=\"elementor-heading-title elementor-size-default\"><span style=\"font-family: georgia, palatino, serif\">Mouvements Modernes<\/span><\/h2>\t\t\t\t<\/div>\n\t\t\t\t<\/div>\n\t\t\t\t<div class=\"elementor-element elementor-element-d82c840 elementor-widget elementor-widget-heading\" data-id=\"d82c840\" data-element_type=\"widget\" data-e-type=\"widget\" data-widget_type=\"heading.default\">\n\t\t\t\t<div class=\"elementor-widget-container\">\n\t\t\t\t\t<h2 class=\"elementor-heading-title elementor-size-default\"><span style=\"font-family: georgia, serif;font-size: 30px;font-weight: 100;font-style: italic\">Moving is (well) being<\/span><\/h2>\t\t\t\t<\/div>\n\t\t\t\t<\/div>\n\t\t\t\t<div class=\"elementor-element elementor-element-2eacaafe elementor-widget elementor-widget-text-editor\" data-id=\"2eacaafe\" data-element_type=\"widget\" data-e-type=\"widget\" data-widget_type=\"text-editor.default\">\n\t\t\t\t<div class=\"elementor-widget-container\">\n\t\t\t\t\t\t\t\t\t<p style=\"text-align: left; font-family: amiri, serif; font-size: 20px;\">Mouvements Modernes\u00ae is an interdisciplinary approach to movement that aims to combine physical activity with the joy of moving. Playful, educative, and inquisitive in nature, the movement classes support people of all levels and backgrounds in their movement and wellness journey.<\/p><p style=\"text-align: center;\"><a href=\"\/en\/about-noemie-christensen\/\"><span style=\"text-decoration: underline; font-size: 20px;\">Learn more<\/span><\/a> | <a href=\"\/en\/#offres\"><span style=\"text-decoration: underline; font-size: 20px;\">See offers<\/span><\/a><\/p>\t\t\t\t\t\t\t\t<\/div>\n\t\t\t\t<\/div>\n\t\t\t\t\t<\/div>\n\t\t<\/div>\n\t\t\t\t\t<\/div>\n\t\t<\/section>\n\t\t\t\t\t<\/div>\n\t\t<\/div>\n\t\t\t\t\t<\/div>\n\t\t<\/section>\n\t\t\t\t<section class=\"elementor-section elementor-top-section elementor-element elementor-element-089c2d2 elementor-section-boxed elementor-section-height-default elementor-section-height-default\" data-id=\"089c2d2\" data-element_type=\"section\" data-e-type=\"section\" data-settings=\"{&quot;background_background&quot;:&quot;classic&quot;}\">\n\t\t\t\t\t\t<div class=\"elementor-container elementor-column-gap-default\">\n\t\t\t\t\t<div class=\"elementor-column elementor-col-50 elementor-top-column elementor-element elementor-element-c4b59f4\" data-id=\"c4b59f4\" data-element_type=\"column\" data-e-type=\"column\">\n\t\t\t<div class=\"elementor-widget-wrap elementor-element-populated\">\n\t\t\t\t\t\t<div class=\"elementor-element elementor-element-101449f6 elementor-widget elementor-widget-heading\" data-id=\"101449f6\" data-element_type=\"widget\" data-e-type=\"widget\" data-widget_type=\"heading.default\">\n\t\t\t\t<div class=\"elementor-widget-container\">\n\t\t\t\t\t<h2 class=\"elementor-heading-title elementor-size-default\"><span style=\"font-family: georgia, serif;font-style :italic\">Start your exploration<\/span><\/h2>\t\t\t\t<\/div>\n\t\t\t\t<\/div>\n\t\t\t\t<div class=\"elementor-element elementor-element-2949e172 elementor-widget elementor-widget-heading\" data-id=\"2949e172\" data-element_type=\"widget\" data-e-type=\"widget\" data-widget_type=\"heading.default\">\n\t\t\t\t<div class=\"elementor-widget-container\">\n\t\t\t\t\t<h2 class=\"elementor-heading-title elementor-size-default\"><span style=\"font-family: amiri, serif;font-size: 1.1em\">Mouvements Modernes\u00ae classes blend yoga, floorwork, and task-based movements. They are open to all levels of practice and structured in a way that gives you the freedom to play and experiment.<\/span><\/h2>\t\t\t\t<\/div>\n\t\t\t\t<\/div>\n\t\t\t\t\t<\/div>\n\t\t<\/div>\n\t\t\t\t<div class=\"elementor-column elementor-col-50 elementor-top-column elementor-element elementor-element-da6979d elementor-invisible\" data-id=\"da6979d\" data-element_type=\"column\" data-e-type=\"column\" data-settings=\"{&quot;animation&quot;:&quot;fadeInUp&quot;,&quot;animation_mobile&quot;:&quot;none&quot;}\">\n\t\t\t<div class=\"elementor-widget-wrap elementor-element-populated\">\n\t\t\t\t\t\t<div class=\"elementor-element elementor-element-b6108d3 elementor-widget elementor-widget-spacer\" data-id=\"b6108d3\" data-element_type=\"widget\" data-e-type=\"widget\" data-widget_type=\"spacer.default\">\n\t\t\t\t<div class=\"elementor-widget-container\">\n\t\t\t\t\t\t\t<div class=\"elementor-spacer\">\n\t\t\t<div class=\"elementor-spacer-inner\"><\/div>\n\t\t<\/div>\n\t\t\t\t\t\t<\/div>\n\t\t\t\t<\/div>\n\t\t\t\t<div class=\"elementor-element elementor-element-1769c69 elementor-widget elementor-widget-menu-anchor\" data-id=\"1769c69\" data-element_type=\"widget\" data-e-type=\"widget\" data-widget_type=\"menu-anchor.default\">\n\t\t\t\t<div class=\"elementor-widget-container\">\n\t\t\t\t\t\t\t<div class=\"elementor-menu-anchor\" id=\"offres\"><\/div>\n\t\t\t\t\t\t<\/div>\n\t\t\t\t<\/div>\n\t\t\t\t<div class=\"elementor-element elementor-element-b398821 elementor-widget elementor-widget-eael-feature-list\" data-id=\"b398821\" data-element_type=\"widget\" data-e-type=\"widget\" data-widget_type=\"eael-feature-list.default\">\n\t\t\t\t<div class=\"elementor-widget-container\">\n\t\t\t\t\t\t\t<div class=\"-icon-position-left -tablet-icon-position-left -mobile-icon-position-left\">\n\t\t\t<ul id=\"eael-feature-list-b398821\" class=\"eael-feature-list-items circle stacked connector-type-classic eael-feature-list-vertical\" data-layout-tablet=\"vertical\" data-layout-mobile=\"vertical\">\n\t\t\t                <li class=\"eael-feature-list-item elementor-repeater-item-7d9edb3\">\n                                            <span class=\"connector\" style=\"right: calc(100% - 70px); left: 0;\"><\/span>\n                        <span class=\"connector connector-tablet\" style=\"right: calc(100% - 70px); left: 0;\"><\/span>\n                        <span class=\"connector connector-mobile\" style=\"right: calc(100% - 70px); left: 0;\"><\/span>\n                    \n\t\t\t\t\t\t<div class=\"eael-feature-list-icon-box\">\n\t\t\t\t\t\t\t<div class=\"eael-feature-list-icon-inner\">\n\n\t\t\t\t\t\t\t\t<a class=\"eael-feature-list-icon fl-icon-0\"href=\"\/en\/cours-collectifs\/\">\n\n\t\t<i aria-hidden=\"true\" class=\"fas fa-seedling\"><\/i>\t\t\t\t\t\t\t\t<\/a>\n\t\t\t\t\t\t\t<\/div>\n\t\t\t\t\t\t<\/div>\n\t\t\t\t\t\t<div class=\"eael-feature-list-content-box\">\n                            <h2 class=\"eael-feature-list-title\"><a href=\"\/en\/cours-collectifs\/\">Public Classes<\/a><\/h2>\t\t\t\t\t\t<p class=\"eael-feature-list-content\"><a style=\"font-family: amiri, serif;font-size: 20px;color: #555555\" href=\"\/en\/cours-collectifs\/\">\nTake a live class to receive guidance, to move in novel and nourishing ways, and to take time to breathe, introspect, and reset. Different styles of classes are offered, either in-person or online.\n<\/a><\/p>\n\t\t\t\t\t\t<\/div>\n\n\t\t\t\t\t<\/li>\n\t\t\t\t                <li class=\"eael-feature-list-item elementor-repeater-item-a36caf1\">\n                                            <span class=\"connector\" style=\"right: calc(100% - 70px); left: 0;\"><\/span>\n                        <span class=\"connector connector-tablet\" style=\"right: calc(100% - 70px); left: 0;\"><\/span>\n                        <span class=\"connector connector-mobile\" style=\"right: calc(100% - 70px); left: 0;\"><\/span>\n                    \n\t\t\t\t\t\t<div class=\"eael-feature-list-icon-box\">\n\t\t\t\t\t\t\t<div class=\"eael-feature-list-icon-inner\">\n\n\t\t\t\t\t\t\t\t<a class=\"eael-feature-list-icon fl-icon-1\"href=\"\/en\/cours-prives\/\">\n\n\t\t<i aria-hidden=\"true\" class=\"fas fa-heart\"><\/i>\t\t\t\t\t\t\t\t<\/a>\n\t\t\t\t\t\t\t<\/div>\n\t\t\t\t\t\t<\/div>\n\t\t\t\t\t\t<div class=\"eael-feature-list-content-box\">\n                            <h2 class=\"eael-feature-list-title\"><a href=\"\/en\/cours-prives\/\"><span>Private Sessions<\/span><\/a><\/h2>\t\t\t\t\t\t<p class=\"eael-feature-list-content\"><a style=\"font-family: amiri, serif;font-size: 20px;color: #555555\" href=\"\/en\/cours-prives\/\">\nReceive special care and attention with an individual or small group session, tailored for your unique goals and needs. Explore new possibilities, deepen your knowledge and get personalized feedback.\n<\/a><\/p>\n\t\t\t\t\t\t<\/div>\n\n\t\t\t\t\t<\/li>\n\t\t\t\t                <li class=\"eael-feature-list-item elementor-repeater-item-96f5412\">\n                                            <span class=\"connector\" style=\"right: calc(100% - 70px); left: 0;\"><\/span>\n                        <span class=\"connector connector-tablet\" style=\"right: calc(100% - 70px); left: 0;\"><\/span>\n                        <span class=\"connector connector-mobile\" style=\"right: calc(100% - 70px); left: 0;\"><\/span>\n                    \n\t\t\t\t\t\t<div class=\"eael-feature-list-icon-box\">\n\t\t\t\t\t\t\t<div class=\"eael-feature-list-icon-inner\">\n\n\t\t\t\t\t\t\t\t<a class=\"eael-feature-list-icon fl-icon-2\"href=\"\/en\/cours-en-entreprise\/\">\n\n\t\t<i aria-hidden=\"true\" class=\"fas fa-coffee\"><\/i>\t\t\t\t\t\t\t\t<\/a>\n\t\t\t\t\t\t\t<\/div>\n\t\t\t\t\t\t<\/div>\n\t\t\t\t\t\t<div class=\"eael-feature-list-content-box\">\n                            <h2 class=\"eael-feature-list-title\"><a href=\"\/en\/cours-en-entreprise\/\"><span>Corporate Classes<\/span><\/a><\/h2>\t\t\t\t\t\t<p class=\"eael-feature-list-content\"><a style=\"font-family: amiri, serif;font-size: 20px;color: #555555\" href=\"\/en\/cours-en-entreprise\/\">\nWhy not bring the gift of movement and relaxation to your workplace? For both employers and employees, it will increase the well-being at work while also reinforcing bonds within the team.\n<\/a><\/p>\n\t\t\t\t\t\t<\/div>\n\n\t\t\t\t\t<\/li>\n\t\t\t\t\t\t\t<\/ul>\n\t\t<\/div>\n\t\t\t\t\t\t<\/div>\n\t\t\t\t<\/div>\n\t\t\t\t\t<\/div>\n\t\t<\/div>\n\t\t\t\t\t<\/div>\n\t\t<\/section>\n\t\t\t\t<\/div>","protected":false},"excerpt":{"rendered":"<p>https:\/\/mouvements-modernes.eu\/wp-content\/uploads\/2021\/10\/magnetic_ball_1_1.mp4 Mouvements Modernes Bouger pour (mieux) \u00eatre Mouvements Modernes\u00ae est une approche visant \u00e0 allier l&rsquo;entretien corporel au plaisir de bouger. D&rsquo;une nature ludique, \u00e9ducative et exploratoire, les cours dispens\u00e9s accompagnent les personnes de tous niveaux et de tous horizons dans leur pratique du mouvement et dans leur qu\u00eate de mieux-\u00eatre. En savoir plus |&hellip;&nbsp;<a href=\"https:\/\/mouvements-modernes.eu\/en\/\" rel=\"bookmark\">Read More &raquo;<span class=\"screen-reader-text\">Bouger pour (mieux) \u00eatre | Mouvements Modernes\u00ae | Tours et sa r\u00e9gion, France<\/span><\/a><\/p>","protected":false},"author":2,"featured_media":0,"parent":0,"menu_order":0,"comment_status":"closed","ping_status":"closed","template":"elementor_header_footer","meta":{"_seopress_robots_primary_cat":"","_seopress_titles_title":"%%post_title%% %%sep%%","_seopress_titles_desc":"Mouvement, Floorwork, Pratiques psychocorporelles | Mouvements Modernes\u00ae | No\u00e9mie Christensen | Tours, France","_seopress_robots_index":"","neve_meta_sidebar":"","neve_meta_container":"","neve_meta_enable_content_width":"off","neve_meta_content_width":0,"neve_meta_title_alignment":"","neve_meta_author_avatar":"","neve_post_elements_order":"","neve_meta_disable_header":"","neve_meta_disable_footer":"","neve_meta_disable_title":"","footnotes":""},"class_list":["post-91","page","type-page","status-publish","hentry"],"jetpack_sharing_enabled":true,"_links":{"self":[{"href":"https:\/\/mouvements-modernes.eu\/en\/wp-json\/wp\/v2\/pages\/91","targetHints":{"allow":["GET"]}}],"collection":[{"href":"https:\/\/mouvements-modernes.eu\/en\/wp-json\/wp\/v2\/pages"}],"about":[{"href":"https:\/\/mouvements-modernes.eu\/en\/wp-json\/wp\/v2\/types\/page"}],"author":[{"embeddable":true,"href":"https:\/\/mouvements-modernes.eu\/en\/wp-json\/wp\/v2\/users\/2"}],"replies":[{"embeddable":true,"href":"https:\/\/mouvements-modernes.eu\/en\/wp-json\/wp\/v2\/comments?post=91"}],"version-history":[{"count":1271,"href":"https:\/\/mouvements-modernes.eu\/en\/wp-json\/wp\/v2\/pages\/91\/revisions"}],"predecessor-version":[{"id":14834,"href":"https:\/\/mouvements-modernes.eu\/en\/wp-json\/wp\/v2\/pages\/91\/revisions\/14834"}],"wp:attachment":[{"href":"https:\/\/mouvements-modernes.eu\/en\/wp-json\/wp\/v2\/media?parent=91"}],"curies":[{"name":"wp","href":"https:\/\/api.w.org\/{rel}","templated":true}]}}