{"id":3354,"date":"2020-01-28T01:36:25","date_gmt":"2020-01-28T00:36:25","guid":{"rendered":"https:\/\/threewisemonkeys.club\/?page_id=3354"},"modified":"2025-08-31T08:12:48","modified_gmt":"2025-08-31T07:12:48","slug":"about-noemie-christensen","status":"publish","type":"page","link":"https:\/\/mouvements-modernes.eu\/en\/about-noemie-christensen\/","title":{"rendered":"About &#8211; No\u00e9mie Christensen"},"content":{"rendered":"<div data-elementor-type=\"wp-page\" data-elementor-id=\"3354\" class=\"elementor elementor-3354\">\n\t\t\t\t\t\t<section class=\"elementor-section elementor-top-section elementor-element elementor-element-0d817ae elementor-section-stretched elementor-section-boxed elementor-section-height-default elementor-section-height-default\" data-id=\"0d817ae\" data-element_type=\"section\" data-e-type=\"section\" data-settings=\"{&quot;stretch_section&quot;:&quot;section-stretched&quot;}\">\n\t\t\t\t\t\t<div class=\"elementor-container elementor-column-gap-no\">\n\t\t\t\t\t<div class=\"elementor-column elementor-col-100 elementor-top-column elementor-element elementor-element-2d0f985\" data-id=\"2d0f985\" data-element_type=\"column\" data-e-type=\"column\" data-settings=\"{&quot;background_background&quot;:&quot;classic&quot;}\">\n\t\t\t<div class=\"elementor-widget-wrap elementor-element-populated\">\n\t\t\t\t\t\t<div class=\"elementor-element elementor-element-5ad5c54 elementor-widget elementor-widget-spacer\" data-id=\"5ad5c54\" data-element_type=\"widget\" data-e-type=\"widget\" data-widget_type=\"spacer.default\">\n\t\t\t\t<div class=\"elementor-widget-container\">\n\t\t\t\t\t\t\t<div class=\"elementor-spacer\">\n\t\t\t<div class=\"elementor-spacer-inner\"><\/div>\n\t\t<\/div>\n\t\t\t\t\t\t<\/div>\n\t\t\t\t<\/div>\n\t\t\t\t<section class=\"elementor-section elementor-inner-section elementor-element elementor-element-436371d elementor-reverse-mobile elementor-section-boxed elementor-section-height-default elementor-section-height-default elementor-invisible\" data-id=\"436371d\" data-element_type=\"section\" data-e-type=\"section\" data-settings=\"{&quot;animation&quot;:&quot;fadeIn&quot;,&quot;animation_mobile&quot;:&quot;none&quot;}\">\n\t\t\t\t\t\t<div class=\"elementor-container elementor-column-gap-no\">\n\t\t\t\t\t<div class=\"elementor-column elementor-col-50 elementor-inner-column elementor-element elementor-element-7b43f46\" data-id=\"7b43f46\" data-element_type=\"column\" data-e-type=\"column\" data-settings=\"{&quot;background_background&quot;:&quot;classic&quot;,&quot;animation_mobile&quot;:&quot;none&quot;}\">\n\t\t\t<div class=\"elementor-widget-wrap elementor-element-populated\">\n\t\t\t\t\t\t<div class=\"elementor-element elementor-element-7e9b250 elementor-widget elementor-widget-heading\" data-id=\"7e9b250\" data-element_type=\"widget\" data-e-type=\"widget\" data-widget_type=\"heading.default\">\n\t\t\t\t<div class=\"elementor-widget-container\">\n\t\t\t\t\t<h2 class=\"elementor-heading-title elementor-size-default\"><p style=\"text-align: center;color: #888888;font-family: georgia, serif;font-size: 30px\"><em>No\u00e9mie,<br \/>\npsychomotor therapist, movement and body-mind approaches teacher.\n<\/em><\/p><\/h2>\t\t\t\t<\/div>\n\t\t\t\t<\/div>\n\t\t\t\t<div class=\"elementor-element elementor-element-cb42a59 elementor-drop-cap-yes elementor-drop-cap-view-default elementor-widget elementor-widget-text-editor\" data-id=\"cb42a59\" data-element_type=\"widget\" data-e-type=\"widget\" data-settings=\"{&quot;drop_cap&quot;:&quot;yes&quot;}\" data-widget_type=\"text-editor.default\">\n\t\t\t\t<div class=\"elementor-widget-container\">\n\t\t\t\t\t\t\t\t\t<p style=\"text-align: left; font-family: amiri, serif; font-size: 20px;\">En parall\u00e8le de mon <a href=\"https:\/\/corporeis.com\">activit\u00e9 de psychomotricienne<\/a>, j&rsquo;accompagne les personnes de tous \u00e2ges \u00e0 d\u00e9velopper une pratique du mouvement qui participe \u00e0 leur mieux-\u00eatre global.<\/p>\n<p style=\"text-align: left; font-family: amiri, serif; font-size: 20px;\">I offer an approach that helps refine movement quality and efficiency, expands movement repertoire, encourages body confidence, and facilitates ease and pleasure of movement.<\/p>\n<p style=\"text-align: left; font-family: amiri, serif; font-size: 20px;\">My approach to teaching is evidence-based, inclusive, and educative, tailored to each individual\u2019s needs and abilities.<\/p>\t\t\t\t\t\t\t\t<\/div>\n\t\t\t\t<\/div>\n\t\t\t\t\t<\/div>\n\t\t<\/div>\n\t\t\t\t<div class=\"elementor-column elementor-col-50 elementor-inner-column elementor-element elementor-element-426205c\" data-id=\"426205c\" data-element_type=\"column\" data-e-type=\"column\" data-settings=\"{&quot;animation_mobile&quot;:&quot;none&quot;}\">\n\t\t\t<div class=\"elementor-widget-wrap elementor-element-populated\">\n\t\t\t\t\t\t<div class=\"elementor-element elementor-element-f8f22e3 elementor-widget elementor-widget-image\" data-id=\"f8f22e3\" data-element_type=\"widget\" data-e-type=\"widget\" data-widget_type=\"image.default\">\n\t\t\t\t<div class=\"elementor-widget-container\">\n\t\t\t\t\t\t\t\t\t\t\t\t\t\t\t<img fetchpriority=\"high\" decoding=\"async\" width=\"600\" height=\"900\" src=\"https:\/\/i0.wp.com\/mouvements-modernes.eu\/wp-content\/uploads\/2021\/06\/portrait_website.png?fit=600%2C900&amp;ssl=1\" class=\"attachment-full size-full wp-image-9230\" alt=\"no\u00e9mie cl\u00e9menceau\" srcset=\"https:\/\/i0.wp.com\/mouvements-modernes.eu\/wp-content\/uploads\/2021\/06\/portrait_website.png?w=600&amp;ssl=1 600w, https:\/\/i0.wp.com\/mouvements-modernes.eu\/wp-content\/uploads\/2021\/06\/portrait_website.png?resize=200%2C300&amp;ssl=1 200w, https:\/\/i0.wp.com\/mouvements-modernes.eu\/wp-content\/uploads\/2021\/06\/portrait_website.png?resize=8%2C12&amp;ssl=1 8w\" sizes=\"(max-width: 600px) 100vw, 600px\" \/>\t\t\t\t\t\t\t\t\t\t\t\t\t\t\t<\/div>\n\t\t\t\t<\/div>\n\t\t\t\t\t<\/div>\n\t\t<\/div>\n\t\t\t\t\t<\/div>\n\t\t<\/section>\n\t\t\t\t\t<\/div>\n\t\t<\/div>\n\t\t\t\t\t<\/div>\n\t\t<\/section>\n\t\t\t\t<section class=\"elementor-section elementor-top-section elementor-element elementor-element-4d014f3 elementor-section-stretched elementor-section-boxed elementor-section-height-default elementor-section-height-default\" data-id=\"4d014f3\" data-element_type=\"section\" data-e-type=\"section\" data-settings=\"{&quot;stretch_section&quot;:&quot;section-stretched&quot;,&quot;background_background&quot;:&quot;classic&quot;}\">\n\t\t\t\t\t\t\t<div class=\"elementor-background-overlay\"><\/div>\n\t\t\t\t\t\t\t<div class=\"elementor-container elementor-column-gap-default\">\n\t\t\t\t\t<div class=\"elementor-column elementor-col-50 elementor-top-column elementor-element elementor-element-8fdc70b\" data-id=\"8fdc70b\" data-element_type=\"column\" data-e-type=\"column\" data-settings=\"{&quot;background_background&quot;:&quot;classic&quot;}\">\n\t\t\t<div class=\"elementor-widget-wrap elementor-element-populated\">\n\t\t\t\t\t\t<section class=\"elementor-section elementor-inner-section elementor-element elementor-element-ac41520 elementor-section-boxed elementor-section-height-default elementor-section-height-default\" data-id=\"ac41520\" data-element_type=\"section\" data-e-type=\"section\">\n\t\t\t\t\t\t<div class=\"elementor-container elementor-column-gap-default\">\n\t\t\t\t\t<div class=\"elementor-column elementor-col-100 elementor-inner-column elementor-element elementor-element-c05e325\" data-id=\"c05e325\" data-element_type=\"column\" data-e-type=\"column\">\n\t\t\t<div class=\"elementor-widget-wrap elementor-element-populated\">\n\t\t\t\t\t\t<div class=\"elementor-element elementor-element-1093407 elementor-widget elementor-widget-image\" data-id=\"1093407\" data-element_type=\"widget\" data-e-type=\"widget\" data-widget_type=\"image.default\">\n\t\t\t\t<div class=\"elementor-widget-container\">\n\t\t\t\t\t\t\t\t\t\t\t\t\t\t\t<img decoding=\"async\" width=\"1000\" height=\"1000\" src=\"https:\/\/i0.wp.com\/mouvements-modernes.eu\/wp-content\/uploads\/2022\/06\/la_chute_badge_shadow.png?fit=1000%2C1000&amp;ssl=1\" class=\"attachment-full size-full wp-image-11868\" alt=\"\" srcset=\"https:\/\/i0.wp.com\/mouvements-modernes.eu\/wp-content\/uploads\/2022\/06\/la_chute_badge_shadow.png?w=1000&amp;ssl=1 1000w, https:\/\/i0.wp.com\/mouvements-modernes.eu\/wp-content\/uploads\/2022\/06\/la_chute_badge_shadow.png?resize=300%2C300&amp;ssl=1 300w, https:\/\/i0.wp.com\/mouvements-modernes.eu\/wp-content\/uploads\/2022\/06\/la_chute_badge_shadow.png?resize=150%2C150&amp;ssl=1 150w, https:\/\/i0.wp.com\/mouvements-modernes.eu\/wp-content\/uploads\/2022\/06\/la_chute_badge_shadow.png?resize=768%2C768&amp;ssl=1 768w, https:\/\/i0.wp.com\/mouvements-modernes.eu\/wp-content\/uploads\/2022\/06\/la_chute_badge_shadow.png?resize=12%2C12&amp;ssl=1 12w, https:\/\/i0.wp.com\/mouvements-modernes.eu\/wp-content\/uploads\/2022\/06\/la_chute_badge_shadow.png?resize=75%2C75&amp;ssl=1 75w\" sizes=\"(max-width: 1000px) 100vw, 1000px\" \/>\t\t\t\t\t\t\t\t\t\t\t\t\t\t\t<\/div>\n\t\t\t\t<\/div>\n\t\t\t\t\t<\/div>\n\t\t<\/div>\n\t\t\t\t\t<\/div>\n\t\t<\/section>\n\t\t\t\t<div class=\"elementor-element elementor-element-ed91866 elementor-widget elementor-widget-html\" data-id=\"ed91866\" data-element_type=\"widget\" data-e-type=\"widget\" data-widget_type=\"html.default\">\n\t\t\t\t<div class=\"elementor-widget-container\">\n\t\t\t\t\t<div class=\"strong-view strong-view-id-2 default wpmtst-default slider-container slider-mode-horizontal slider-adaptive controls-type-sides controls-style-buttons\" data-count=\"1\" data-slider-var=\"strong_slider_id_2\" data-state=\"idle\"><div class=\"strong-content wpmslider-content\"><div class=\"wpmtst-testimonial testimonial t-slide post-11879\"><div class=\"wpmtst-testimonial-inner testimonial-inner\"><h3 class=\"wpmtst-testimonial-heading testimonial-heading\">My intention is to offer classes<\/h3><div data-infinite-loop=\"false\"   class=\"wpmtst-testimonial-content testimonial-content\"><div class=\"maybe-clear\"><\/div><p>that are evidence-based and educative, promoting students' critical thinking and self-exploration. I aim to guide my students in a movement practice that isn't just improving their physical and emotional well-being, but also aims to improve their autonomy, their awareness, their confidence, and their knowledge about the body.<\/p><\/div><div class=\"clear\"><\/div><\/div><\/div><\/div><\/div>\t\t\t\t<\/div>\n\t\t\t\t<\/div>\n\t\t\t\t\t<\/div>\n\t\t<\/div>\n\t\t\t\t<div class=\"elementor-column elementor-col-50 elementor-top-column elementor-element elementor-element-19609b7\" data-id=\"19609b7\" data-element_type=\"column\" data-e-type=\"column\">\n\t\t\t<div class=\"elementor-widget-wrap elementor-element-populated\">\n\t\t\t\t\t\t<div class=\"elementor-element elementor-element-ed49fd7 elementor-widget elementor-widget-spacer\" data-id=\"ed49fd7\" data-element_type=\"widget\" data-e-type=\"widget\" data-widget_type=\"spacer.default\">\n\t\t\t\t<div class=\"elementor-widget-container\">\n\t\t\t\t\t\t\t<div class=\"elementor-spacer\">\n\t\t\t<div class=\"elementor-spacer-inner\"><\/div>\n\t\t<\/div>\n\t\t\t\t\t\t<\/div>\n\t\t\t\t<\/div>\n\t\t\t\t<div class=\"elementor-element elementor-element-6fcc771 elementor-widget elementor-widget-html\" data-id=\"6fcc771\" data-element_type=\"widget\" data-e-type=\"widget\" data-widget_type=\"html.default\">\n\t\t\t\t<div class=\"elementor-widget-container\">\n\t\t\t\t\t<p style=\"text-align: left; font-size: 20px;\">Starting as a vinyasa yoga teacher, and after teaching vinyasa yoga for about a year, my curiosity and my inquisitive nature lead me to explore and experiment with movement as a whole. The more I went down the movement hole, the less I felt attached to a particular discipline, to a particular set of \u2014sometimes arbitrary\u2014 rules. Having the freedom to create, to think outside the box, to look for new possibilities, to learn and evolve; that's what my teaching is about.<\/p>\n\n<p style=\"text-align: left; font-size: 20px;\">Mouvements Modernes\u00ae came from my desire to teach movement that encompasses different contemporary methods and techniques, while being factual and informed by medial and human sciences. Interdisciplinarity is at the core of my approach; while I teach a lot from the movements I uncover during my own exploratory practice, my classes can be described as a blend of yoga, floorwork, and motor training based on play, <i>task-based movement<\/i>, as well as sensorimotor exploration.<\/p>\n\n<p style=\"text-align: left; font-size: 20px;\">I am as passionate about the scientific aspect of movement as I am about its intuitive and exploratory forms.<\/p>\t\t\t\t<\/div>\n\t\t\t\t<\/div>\n\t\t\t\t\t<\/div>\n\t\t<\/div>\n\t\t\t\t\t<\/div>\n\t\t<\/section>\n\t\t\t\t<section class=\"elementor-section elementor-top-section elementor-element elementor-element-4f6175b elementor-section-boxed elementor-section-height-default elementor-section-height-default\" data-id=\"4f6175b\" data-element_type=\"section\" data-e-type=\"section\">\n\t\t\t\t\t\t<div class=\"elementor-container elementor-column-gap-no\">\n\t\t\t\t\t<div class=\"elementor-column elementor-col-100 elementor-top-column elementor-element elementor-element-be5a9d5\" data-id=\"be5a9d5\" data-element_type=\"column\" data-e-type=\"column\" data-settings=\"{&quot;background_background&quot;:&quot;classic&quot;}\">\n\t\t\t<div class=\"elementor-widget-wrap elementor-element-populated\">\n\t\t\t\t\t\t<div class=\"elementor-element elementor-element-cb88923 elementor-widget elementor-widget-spacer\" data-id=\"cb88923\" data-element_type=\"widget\" data-e-type=\"widget\" data-widget_type=\"spacer.default\">\n\t\t\t\t<div class=\"elementor-widget-container\">\n\t\t\t\t\t\t\t<div class=\"elementor-spacer\">\n\t\t\t<div class=\"elementor-spacer-inner\"><\/div>\n\t\t<\/div>\n\t\t\t\t\t\t<\/div>\n\t\t\t\t<\/div>\n\t\t\t\t<section class=\"elementor-section elementor-inner-section elementor-element elementor-element-ba584e9 elementor-section-boxed elementor-section-height-default elementor-section-height-default\" data-id=\"ba584e9\" data-element_type=\"section\" data-e-type=\"section\">\n\t\t\t\t\t\t<div class=\"elementor-container elementor-column-gap-no\">\n\t\t\t\t\t<div class=\"elementor-column elementor-col-50 elementor-inner-column elementor-element elementor-element-bc975da\" data-id=\"bc975da\" data-element_type=\"column\" data-e-type=\"column\" data-settings=\"{&quot;background_background&quot;:&quot;classic&quot;}\">\n\t\t\t<div class=\"elementor-widget-wrap elementor-element-populated\">\n\t\t\t\t\t\t<div class=\"elementor-element elementor-element-149f05d elementor-widget elementor-widget-heading\" data-id=\"149f05d\" data-element_type=\"widget\" data-e-type=\"widget\" data-widget_type=\"heading.default\">\n\t\t\t\t<div class=\"elementor-widget-container\">\n\t\t\t\t\t<h2 class=\"elementor-heading-title elementor-size-default\"><p style=\"text-align: center;color: #888888;font-family: georgia, serif;font-size: 30px\"><em>Miscellaneous<\/em><\/p><\/h2>\t\t\t\t<\/div>\n\t\t\t\t<\/div>\n\t\t\t\t<div class=\"elementor-element elementor-element-7cec64d elementor-widget elementor-widget-text-editor\" data-id=\"7cec64d\" data-element_type=\"widget\" data-e-type=\"widget\" data-widget_type=\"text-editor.default\">\n\t\t\t\t<div class=\"elementor-widget-container\">\n\t\t\t\t\t\t\t\t\t<p class=\"has-drop-cap\" style=\"text-align: left; font-family: amiri, serif; font-size: 20px;\">Besides teaching and practicing movement, art is a big part of my life. I love drawing and analog photography as creative art forms. I found a similarity between movement and art: both are a way of expression, evolution, and liberation. You can find out more on my other website, <a href=\"https:\/\/noemie-christensen.art\" target=\"_blank\" rel=\"noopener noreferrer\">noemie-christensen.art<\/a>.<\/p>\n<p style=\"text-align: left; font-family: amiri, serif; font-size: 20px;\">I've spent too many hours playing \u201cSkyrim\u201d and \u201cThe Witcher 3\u201d, but video games have the power to appease me. I actually like to sneak remixes from diverse old-school video games into my classes. I\u2019ve probably listened to all the lo-fi, trip-hop, and chillhop compilations on Youtube, and I drink more coffee than reasonable. I\u2019ve got a seamstress diploma and I love designing websites, it is to me yet another form of art.<\/p>\n<p style=\"text-align: left; font-family: amiri, serif; font-size: 20px;\">Traveling has been a major factor of personal growth for me; when I was 19, I lived and volunteered in Romania for 9 months, which triggered many more travels, mainly within Europe and Asia. It\u2019s in Nepal that I got into meditation and participated in two Vipassana retreats, which eventually lead me to start practicing yoga. My fascination for Japanese art and culture brought me to teach yoga and movement for a year in Kyoto.<\/p>\n<p style=\"text-align: left; font-family: amiri, serif; font-size: 15px;\">PS : Except for LinkedIn, I don't use social media.<\/p>\t\t\t\t\t\t\t\t<\/div>\n\t\t\t\t<\/div>\n\t\t\t\t\t<\/div>\n\t\t<\/div>\n\t\t\t\t<div class=\"elementor-column elementor-col-50 elementor-inner-column elementor-element elementor-element-46ab0ae\" data-id=\"46ab0ae\" data-element_type=\"column\" data-e-type=\"column\">\n\t\t\t<div class=\"elementor-widget-wrap elementor-element-populated\">\n\t\t\t\t\t\t<div class=\"elementor-element elementor-element-2644815 elementor-widget elementor-widget-image\" data-id=\"2644815\" data-element_type=\"widget\" data-e-type=\"widget\" data-widget_type=\"image.default\">\n\t\t\t\t<div class=\"elementor-widget-container\">\n\t\t\t\t\t\t\t\t\t\t\t\t<figure class=\"wp-caption\">\n\t\t\t\t\t\t\t\t\t\t<img decoding=\"async\" width=\"480\" height=\"476\" src=\"https:\/\/i0.wp.com\/mouvements-modernes.eu\/wp-content\/uploads\/2022\/06\/expo_climb_up.jpg?fit=480%2C476&amp;ssl=1\" class=\"attachment-full size-full wp-image-11904\" alt=\"\" srcset=\"https:\/\/i0.wp.com\/mouvements-modernes.eu\/wp-content\/uploads\/2022\/06\/expo_climb_up.jpg?w=480&amp;ssl=1 480w, https:\/\/i0.wp.com\/mouvements-modernes.eu\/wp-content\/uploads\/2022\/06\/expo_climb_up.jpg?resize=300%2C298&amp;ssl=1 300w, https:\/\/i0.wp.com\/mouvements-modernes.eu\/wp-content\/uploads\/2022\/06\/expo_climb_up.jpg?resize=150%2C150&amp;ssl=1 150w, https:\/\/i0.wp.com\/mouvements-modernes.eu\/wp-content\/uploads\/2022\/06\/expo_climb_up.jpg?resize=12%2C12&amp;ssl=1 12w, https:\/\/i0.wp.com\/mouvements-modernes.eu\/wp-content\/uploads\/2022\/06\/expo_climb_up.jpg?resize=75%2C75&amp;ssl=1 75w\" sizes=\"(max-width: 480px) 100vw, 480px\" \/>\t\t\t\t\t\t\t\t\t\t\t<figcaption class=\"widget-image-caption wp-caption-text\">Exhibition at <a style=\"font-size: 12px\" href=\"https:\/\/angers-lespontsdece.climb-up.fr\/\">Climb Up Angers<\/a><\/figcaption>\n\t\t\t\t\t\t\t\t\t\t<\/figure>\n\t\t\t\t\t\t\t\t\t<\/div>\n\t\t\t\t<\/div>\n\t\t\t\t<div class=\"elementor-element elementor-element-740bb54 elementor-widget elementor-widget-heading\" data-id=\"740bb54\" data-element_type=\"widget\" data-e-type=\"widget\" data-widget_type=\"heading.default\">\n\t\t\t\t<div class=\"elementor-widget-container\">\n\t\t\t\t\t<h2 class=\"elementor-heading-title elementor-size-default\"><p style=\"text-align: center;color: #888888;font-family: georgia, serif;font-size: 30px\"><em><\/em><\/p><\/h2>\t\t\t\t<\/div>\n\t\t\t\t<\/div>\n\t\t\t\t<div class=\"elementor-element elementor-element-8eb460c elementor-widget elementor-widget-text-editor\" data-id=\"8eb460c\" data-element_type=\"widget\" data-e-type=\"widget\" data-widget_type=\"text-editor.default\">\n\t\t\t\t<div class=\"elementor-widget-container\">\n\t\t\t\t\t\t\t\t\t<p style=\"text-align: left; font-family: amiri, serif; font-size: 20px;\">\u00a0<\/p><p>\u00a0<\/p>\t\t\t\t\t\t\t\t<\/div>\n\t\t\t\t<\/div>\n\t\t\t\t<div class=\"elementor-element elementor-element-59223f6 elementor-widget elementor-widget-spacer\" data-id=\"59223f6\" data-element_type=\"widget\" data-e-type=\"widget\" data-widget_type=\"spacer.default\">\n\t\t\t\t<div class=\"elementor-widget-container\">\n\t\t\t\t\t\t\t<div class=\"elementor-spacer\">\n\t\t\t<div class=\"elementor-spacer-inner\"><\/div>\n\t\t<\/div>\n\t\t\t\t\t\t<\/div>\n\t\t\t\t<\/div>\n\t\t\t\t\t<\/div>\n\t\t<\/div>\n\t\t\t\t\t<\/div>\n\t\t<\/section>\n\t\t\t\t<div class=\"elementor-element elementor-element-adcd3f6 elementor-widget elementor-widget-spacer\" data-id=\"adcd3f6\" data-element_type=\"widget\" data-e-type=\"widget\" data-widget_type=\"spacer.default\">\n\t\t\t\t<div class=\"elementor-widget-container\">\n\t\t\t\t\t\t\t<div class=\"elementor-spacer\">\n\t\t\t<div class=\"elementor-spacer-inner\"><\/div>\n\t\t<\/div>\n\t\t\t\t\t\t<\/div>\n\t\t\t\t<\/div>\n\t\t\t\t\t<\/div>\n\t\t<\/div>\n\t\t\t\t\t<\/div>\n\t\t<\/section>\n\t\t\t\t<section class=\"elementor-section elementor-top-section elementor-element elementor-element-01e7952 elementor-section-boxed elementor-section-height-default elementor-section-height-default\" data-id=\"01e7952\" data-element_type=\"section\" data-e-type=\"section\" data-settings=\"{&quot;background_background&quot;:&quot;classic&quot;}\">\n\t\t\t\t\t\t<div class=\"elementor-container elementor-column-gap-default\">\n\t\t\t\t\t<div class=\"elementor-column elementor-col-100 elementor-top-column elementor-element elementor-element-0f400cb\" data-id=\"0f400cb\" data-element_type=\"column\" data-e-type=\"column\" data-settings=\"{&quot;background_background&quot;:&quot;classic&quot;}\">\n\t\t\t<div class=\"elementor-widget-wrap elementor-element-populated\">\n\t\t\t\t\t\t<div class=\"elementor-element elementor-element-800707c elementor-widget elementor-widget-heading\" data-id=\"800707c\" data-element_type=\"widget\" data-e-type=\"widget\" data-widget_type=\"heading.default\">\n\t\t\t\t<div class=\"elementor-widget-container\">\n\t\t\t\t\t<h2 class=\"elementor-heading-title elementor-size-default\"><p style=\"text-align: center;color: #888888;font-family: georgia, serif;font-size: 30px\"><em>Curriculum<\/em><\/p><\/h2>\t\t\t\t<\/div>\n\t\t\t\t<\/div>\n\t\t\t\t<div class=\"elementor-element elementor-element-c6a44ef elementor-widget elementor-widget-text-editor\" data-id=\"c6a44ef\" data-element_type=\"widget\" data-e-type=\"widget\" data-widget_type=\"text-editor.default\">\n\t\t\t\t<div class=\"elementor-widget-container\">\n\t\t\t\t\t\t\t\t\t<p style=\"font-family: georgia, serif; font-size: 20px; text-decoration: underline;\">since 2025<\/p>\n<ul style=\"list-style-type: circle; font-family: amiri, palatino, serif; font-size: 20px;\">\n<li>Psychomotor therapist (independent) \u2013 <a href=\"https:\/\/corporeis.com\">Corpor\u00e9is<\/a><\/li>\n<\/ul>\n&nbsp;\n<p style=\"font-family: georgia, serif; font-size: 20px; text-decoration: underline;\">2022\u20132025<\/p>\n\n<ul style=\"list-style-type: circle; font-family: amiri, palatino, serif; font-size: 20px;\">\n \t<li>D.E. Psychomotricien<\/li>\n<\/ul>\n&nbsp;\n<p style=\"font-family: georgia, serif; font-size: 20px; text-decoration: underline;\">2020\u20132021<\/p>\n\n<ul style=\"list-style-type: circle; font-family: amiri, palatino, serif; font-size: 20px;\">\n \t<li>FC1 Teacher Training \u2014\u2063 <a href=\"https:\/\/www.floorwork-academy.com\/\">Floorwork Academy<\/a><\/li>\n \t<li>FRC\u00ae \u2014\u2063 <a href=\"https:\/\/functionalanatomyseminars.com\/\">Functional Anatomy Seminar<\/a><\/li>\n \t<li>Detour Method Synthesis \u2014\u2063 <a href=\"https:\/\/www.followthedetour.com\/\">Yoga Detour<\/a><\/li>\n<\/ul>\n&nbsp;\n<p style=\"font-family: georgia, serif; font-size: 20px; text-decoration: underline;\">2018\u20132019<\/p>\n\n<ul style=\"list-style-type: circle; font-family: amiri, palatino, serif; font-size: 20px;\">\n \t<li>Detour Method Online \u2014\u2063 <a href=\"https:\/\/www.followthedetour.com\/\">Yoga Detour<\/a><\/li>\n \t<li>200-hour Yoga Teacher Training (Yoga Alliance)<\/li>\n<\/ul>\t\t\t\t\t\t\t\t<\/div>\n\t\t\t\t<\/div>\n\t\t\t\t\t<\/div>\n\t\t<\/div>\n\t\t\t\t\t<\/div>\n\t\t<\/section>\n\t\t\t\t<\/div>","protected":false},"excerpt":{"rendered":"<p>No\u00e9mie, psychomotricienne D.E., professeure de mouvement et de pratiques psychocorporelles. En parall\u00e8le de mon activit\u00e9 de psychomotricienne, j&rsquo;accompagne les personnes de tous \u00e2ges \u00e0 d\u00e9velopper une pratique du mouvement qui participe \u00e0 leur mieux-\u00eatre global. J&rsquo;offre une approche qui aide \u00e0 affiner la qualit\u00e9 et l&rsquo;efficience gestuelle, enrichit le r\u00e9pertoire moteur, favorise l&rsquo;\u00e9coute et la&hellip;&nbsp;<a href=\"https:\/\/mouvements-modernes.eu\/en\/about-noemie-christensen\/\" rel=\"bookmark\">Read More &raquo;<span class=\"screen-reader-text\">About &#8211; No\u00e9mie Christensen<\/span><\/a><\/p>","protected":false},"author":2,"featured_media":0,"parent":0,"menu_order":0,"comment_status":"closed","ping_status":"closed","template":"page-templates\/template-pagebuilder-full-width.php","meta":{"_seopress_robots_primary_cat":"","_seopress_titles_title":"%%post_title%% %%sep%% %%sitetitle%%","_seopress_titles_desc":"No\u00e9mie Christensen | Professeure de Mouvements Modernes\u00ae dans la r\u00e9gion de Tours, France | Cours collectifs, priv\u00e9s et en entreprise","_seopress_robots_index":"","neve_meta_sidebar":"","neve_meta_container":"","neve_meta_enable_content_width":"off","neve_meta_content_width":0,"neve_meta_title_alignment":"","neve_meta_author_avatar":"","neve_post_elements_order":"","neve_meta_disable_header":"","neve_meta_disable_footer":"","neve_meta_disable_title":"","footnotes":""},"class_list":["post-3354","page","type-page","status-publish","hentry"],"jetpack_sharing_enabled":true,"_links":{"self":[{"href":"https:\/\/mouvements-modernes.eu\/en\/wp-json\/wp\/v2\/pages\/3354","targetHints":{"allow":["GET"]}}],"collection":[{"href":"https:\/\/mouvements-modernes.eu\/en\/wp-json\/wp\/v2\/pages"}],"about":[{"href":"https:\/\/mouvements-modernes.eu\/en\/wp-json\/wp\/v2\/types\/page"}],"author":[{"embeddable":true,"href":"https:\/\/mouvements-modernes.eu\/en\/wp-json\/wp\/v2\/users\/2"}],"replies":[{"embeddable":true,"href":"https:\/\/mouvements-modernes.eu\/en\/wp-json\/wp\/v2\/comments?post=3354"}],"version-history":[{"count":1197,"href":"https:\/\/mouvements-modernes.eu\/en\/wp-json\/wp\/v2\/pages\/3354\/revisions"}],"predecessor-version":[{"id":15003,"href":"https:\/\/mouvements-modernes.eu\/en\/wp-json\/wp\/v2\/pages\/3354\/revisions\/15003"}],"wp:attachment":[{"href":"https:\/\/mouvements-modernes.eu\/en\/wp-json\/wp\/v2\/media?parent=3354"}],"curies":[{"name":"wp","href":"https:\/\/api.w.org\/{rel}","templated":true}]}}