{"id":1223,"date":"2019-06-01T04:46:29","date_gmt":"2019-06-01T03:46:29","guid":{"rendered":"http:\/\/threewisemonkeys.club\/?page_id=1223"},"modified":"2024-11-01T14:40:20","modified_gmt":"2024-11-01T13:40:20","slug":"cours-en-entreprise","status":"publish","type":"page","link":"https:\/\/mouvements-modernes.eu\/en\/cours-en-entreprise\/","title":{"rendered":"Corporate classes"},"content":{"rendered":"<div data-elementor-type=\"wp-page\" data-elementor-id=\"1223\" class=\"elementor elementor-1223\">\n\t\t\t\t\t\t<section class=\"elementor-section elementor-top-section elementor-element elementor-element-1f44c02f elementor-section-stretched elementor-section-boxed elementor-section-height-default elementor-section-height-default elementor-invisible\" data-id=\"1f44c02f\" data-element_type=\"section\" data-e-type=\"section\" data-settings=\"{&quot;stretch_section&quot;:&quot;section-stretched&quot;,&quot;animation&quot;:&quot;fadeIn&quot;,&quot;animation_mobile&quot;:&quot;none&quot;}\">\n\t\t\t\t\t\t<div class=\"elementor-container elementor-column-gap-default\">\n\t\t\t\t\t<div class=\"elementor-column elementor-col-100 elementor-top-column elementor-element elementor-element-59c9d3d9\" data-id=\"59c9d3d9\" data-element_type=\"column\" data-e-type=\"column\">\n\t\t\t<div class=\"elementor-widget-wrap elementor-element-populated\">\n\t\t\t\t\t\t<div class=\"elementor-element elementor-element-85117b9 elementor-widget elementor-widget-spacer\" data-id=\"85117b9\" data-element_type=\"widget\" data-e-type=\"widget\" data-widget_type=\"spacer.default\">\n\t\t\t\t<div class=\"elementor-widget-container\">\n\t\t\t\t\t\t\t<div class=\"elementor-spacer\">\n\t\t\t<div class=\"elementor-spacer-inner\"><\/div>\n\t\t<\/div>\n\t\t\t\t\t\t<\/div>\n\t\t\t\t<\/div>\n\t\t\t\t<div class=\"elementor-element elementor-element-c4772a6 elementor-hidden-desktop elementor-hidden-tablet elementor-hidden-mobile elementor-widget elementor-widget-heading\" data-id=\"c4772a6\" data-element_type=\"widget\" data-e-type=\"widget\" data-widget_type=\"heading.default\">\n\t\t\t\t<div class=\"elementor-widget-container\">\n\t\t\t\t\t<h2 class=\"elementor-heading-title elementor-size-default\"><p style=\"text-align: center;color: #ccc;font-family: georgia, palatino, serif;font-size: 18pt;letter-spacing: 2px\"><em>Corporate classes<\/em><\/p><\/h2>\t\t\t\t<\/div>\n\t\t\t\t<\/div>\n\t\t\t\t<div class=\"elementor-element elementor-element-3a22c03 elementor-widget elementor-widget-heading\" data-id=\"3a22c03\" data-element_type=\"widget\" data-e-type=\"widget\" data-widget_type=\"heading.default\">\n\t\t\t\t<div class=\"elementor-widget-container\">\n\t\t\t\t\t<h2 class=\"elementor-heading-title elementor-size-default\"><p style=\"text-align: center;color: #888888;font-family: georgia, serif;font-weight: 100;font-size: 30px\"><em>A rejuvenating break<\/em><\/p><\/h2>\t\t\t\t<\/div>\n\t\t\t\t<\/div>\n\t\t\t\t<div class=\"elementor-element elementor-element-72fbde65 elementor-widget elementor-widget-text-editor\" data-id=\"72fbde65\" data-element_type=\"widget\" data-e-type=\"widget\" data-widget_type=\"text-editor.default\">\n\t\t\t\t<div class=\"elementor-widget-container\">\n\t\t\t\t\t\t\t\t\t<p style=\"text-align: left; font-family: georgia, serif; font-size: 20px; line-height: 1.8rem; color: #888888;\">Providing a space for employees to move, breathe and rest has been shown to be beneficial in a workspace. Movement and conscious breathing are effective ways to cultivate more mindfulness and calmness; stress and anxiety are therefore reduced, which will impact positively the well-being of the employees at work.<\/p>\t\t\t\t\t\t\t\t<\/div>\n\t\t\t\t<\/div>\n\t\t\t\t\t<\/div>\n\t\t<\/div>\n\t\t\t\t\t<\/div>\n\t\t<\/section>\n\t\t\t\t<section class=\"elementor-section elementor-top-section elementor-element elementor-element-9682e83 elementor-section-stretched elementor-section-boxed elementor-section-height-default elementor-section-height-default\" data-id=\"9682e83\" data-element_type=\"section\" data-e-type=\"section\" data-settings=\"{&quot;stretch_section&quot;:&quot;section-stretched&quot;}\">\n\t\t\t\t\t\t<div class=\"elementor-container elementor-column-gap-default\">\n\t\t\t\t\t<div class=\"elementor-column elementor-col-50 elementor-top-column elementor-element elementor-element-e98222f\" data-id=\"e98222f\" data-element_type=\"column\" data-e-type=\"column\">\n\t\t\t<div class=\"elementor-widget-wrap elementor-element-populated\">\n\t\t\t\t\t\t<div class=\"elementor-element elementor-element-27900fb elementor-invisible elementor-widget elementor-widget-image\" data-id=\"27900fb\" data-element_type=\"widget\" data-e-type=\"widget\" data-settings=\"{&quot;_animation&quot;:&quot;fadeInLeft&quot;}\" data-widget_type=\"image.default\">\n\t\t\t\t<div class=\"elementor-widget-container\">\n\t\t\t\t\t\t\t\t\t\t\t\t\t\t\t<img fetchpriority=\"high\" decoding=\"async\" width=\"612\" height=\"408\" src=\"https:\/\/i0.wp.com\/mouvements-modernes.eu\/wp-content\/uploads\/2019\/11\/corporate-classes.jpg?fit=612%2C408&amp;ssl=1\" class=\"attachment-full size-full wp-image-2576\" alt=\"cours en entreprise\" srcset=\"https:\/\/i0.wp.com\/mouvements-modernes.eu\/wp-content\/uploads\/2019\/11\/corporate-classes.jpg?w=612&amp;ssl=1 612w, https:\/\/i0.wp.com\/mouvements-modernes.eu\/wp-content\/uploads\/2019\/11\/corporate-classes.jpg?resize=300%2C200&amp;ssl=1 300w\" sizes=\"(max-width: 612px) 100vw, 612px\" \/>\t\t\t\t\t\t\t\t\t\t\t\t\t\t\t<\/div>\n\t\t\t\t<\/div>\n\t\t\t\t\t<\/div>\n\t\t<\/div>\n\t\t\t\t<div class=\"elementor-column elementor-col-50 elementor-top-column elementor-element elementor-element-315c3d3 elementor-invisible\" data-id=\"315c3d3\" data-element_type=\"column\" data-e-type=\"column\" data-settings=\"{&quot;background_background&quot;:&quot;classic&quot;,&quot;animation&quot;:&quot;fadeInRight&quot;,&quot;animation_mobile&quot;:&quot;none&quot;}\">\n\t\t\t<div class=\"elementor-widget-wrap elementor-element-populated\">\n\t\t\t\t\t\t<div class=\"elementor-element elementor-element-ce456a2 elementor-widget elementor-widget-html\" data-id=\"ce456a2\" data-element_type=\"widget\" data-e-type=\"widget\" data-widget_type=\"html.default\">\n\t\t\t\t<div class=\"elementor-widget-container\">\n\t\t\t\t\t<p style=\"font-family: georgia, serif; font-size: 25px; color: #888888;\"><em>How Does it Work?<\/em><\/p>\n<p class=\"has-drop-cap\" style=\"font-family: amiri, palatino, serif; font-size: 20px;\">To get started, you can <a style=\"text-decoration: underline;\" href=\"\/en\/contact\/\">email me<\/a> so we can get acquainted and discuss the approach we'll take to implement corporate movement classes at your company.<\/p>\n\n<p style=\"font-family: amiri, palatino, serif; font-size: 20px;\">Classes will mainly focus on getting the whole body moving through gentle mobility and strengthening exercises, as well as conscious breathing and relaxation. If your employees have any special requests as to what they'd like to practice, please let me know in the form or email when booking.<\/p>\n<p style=\"font-family: amiri, palatino, serif; font-size: 20px;\">Many people don't have the time to practice a movement discipline outside of office hours; therefore, offering them the opportunity to practice at their workplace is both rewarding for them and for the company. Ready to be innovative ?<\/p>\t\t\t\t<\/div>\n\t\t\t\t<\/div>\n\t\t\t\t<section class=\"elementor-section elementor-inner-section elementor-element elementor-element-fd796f3 elementor-section-boxed elementor-section-height-default elementor-section-height-default elementor-invisible\" data-id=\"fd796f3\" data-element_type=\"section\" data-e-type=\"section\" data-settings=\"{&quot;animation&quot;:&quot;fadeInUp&quot;,&quot;animation_mobile&quot;:&quot;none&quot;}\">\n\t\t\t\t\t\t<div class=\"elementor-container elementor-column-gap-default\">\n\t\t\t\t\t<div class=\"elementor-column elementor-col-100 elementor-inner-column elementor-element elementor-element-b8917c0 animated-slow\" data-id=\"b8917c0\" data-element_type=\"column\" data-e-type=\"column\" data-settings=\"{&quot;animation&quot;:&quot;none&quot;}\">\n\t\t\t<div class=\"elementor-widget-wrap elementor-element-populated\">\n\t\t\t\t\t\t<div class=\"elementor-element elementor-element-9a0e362 elementor-view-stacked elementor-shape-circle elementor-position-block-start elementor-mobile-position-block-start elementor-widget elementor-widget-icon-box\" data-id=\"9a0e362\" data-element_type=\"widget\" data-e-type=\"widget\" data-widget_type=\"icon-box.default\">\n\t\t\t\t<div class=\"elementor-widget-container\">\n\t\t\t\t\t\t\t<div class=\"elementor-icon-box-wrapper\">\n\n\t\t\t\t\t\t<div class=\"elementor-icon-box-icon\">\n\t\t\t\t<a href=\"\/en\/contact\/\" class=\"elementor-icon elementor-animation-pulse\" tabindex=\"-1\" aria-label=\"Request a corporate class\">\n\t\t\t\t<i aria-hidden=\"true\" class=\"fas fa-paper-plane\"><\/i>\t\t\t\t<\/a>\n\t\t\t<\/div>\n\t\t\t\n\t\t\t\t\t\t<div class=\"elementor-icon-box-content\">\n\n\t\t\t\t\t\t\t\t\t<h3 class=\"elementor-icon-box-title\">\n\t\t\t\t\t\t<a href=\"\/en\/contact\/\" >\n\t\t\t\t\t\t\tRequest a corporate class\t\t\t\t\t\t<\/a>\n\t\t\t\t\t<\/h3>\n\t\t\t\t\n\t\t\t\t\n\t\t\t<\/div>\n\t\t\t\n\t\t<\/div>\n\t\t\t\t\t\t<\/div>\n\t\t\t\t<\/div>\n\t\t\t\t\t<\/div>\n\t\t<\/div>\n\t\t\t\t\t<\/div>\n\t\t<\/section>\n\t\t\t\t<div class=\"elementor-element elementor-element-2a90a36 elementor-widget elementor-widget-eael-adv-accordion\" data-id=\"2a90a36\" data-element_type=\"widget\" data-e-type=\"widget\" data-widget_type=\"eael-adv-accordion.default\">\n\t\t\t\t<div class=\"elementor-widget-container\">\n\t\t\t\t\t            <div class=\"eael-adv-accordion\" id=\"eael-adv-accordion-2a90a36\" data-scroll-on-click=\"no\" data-scroll-speed=\"300\" data-accordion-id=\"2a90a36\" data-accordion-type=\"accordion\" data-toogle-speed=\"300\">\n            <div class=\"eael-accordion-list\">\n\t\t\t\t\t<div id=\"span-stylefont-family-georgia-seriftarifsspan\" class=\"elementor-tab-title eael-accordion-header\" tabindex=\"0\" data-tab=\"1\" aria-controls=\"elementor-tab-content-4461\"><i aria-hidden=\"true\" class=\"fa-toggle fas fa-angle-right\"><\/i><span class=\"eael-accordion-tab-title\"><span style=\"font-family: georgia, serif\">Pricing<\/span><\/span><\/div><div id=\"elementor-tab-content-4461\" class=\"eael-accordion-content clearfix\" data-tab=\"1\" aria-labelledby=\"span-stylefont-family-georgia-seriftarifsspan\"><p><span style=\"text-decoration: underline\">Cours \u00e0 l&rsquo;unit\u00e9<\/span> :<\/p><ul><li><em>30 minutes<\/em> : 55\u20ac<\/li><li><em>60 minutes<\/em> : 75\u20ac<\/li><\/ul><\/div>\n\t\t\t\t\t<\/div><\/div>\t\t\t\t<\/div>\n\t\t\t\t<\/div>\n\t\t\t\t\t<\/div>\n\t\t<\/div>\n\t\t\t\t\t<\/div>\n\t\t<\/section>\n\t\t\t\t<\/div>","protected":false},"excerpt":{"rendered":"<p>Cours en entreprise Une pause pour se ressourcer Offrir \u00e0 vos employ\u00e9s un espace pour bouger, respirer et se reposer s&rsquo;est montr\u00e9 \u00eatre b\u00e9n\u00e9fique sur le lieu de travail. Le mouvement et les exercices de respiration sont des moyens efficaces pour cultiver plus de calme et d&rsquo;apaisement ; le stress et l&rsquo;anxi\u00e9t\u00e9 sont ainsi r\u00e9duits,&hellip;&nbsp;<a href=\"https:\/\/mouvements-modernes.eu\/en\/cours-en-entreprise\/\" rel=\"bookmark\">Read More &raquo;<span class=\"screen-reader-text\">Corporate classes<\/span><\/a><\/p>","protected":false},"author":2,"featured_media":0,"parent":0,"menu_order":0,"comment_status":"closed","ping_status":"closed","template":"","meta":{"_seopress_robots_primary_cat":"","_seopress_titles_title":"","_seopress_titles_desc":"Mouvements Modernes\u00ae | Cours en entreprise | No\u00e9mie Christensen | Tours et sa r\u00e9gion, France","_seopress_robots_index":"","neve_meta_sidebar":"","neve_meta_container":"","neve_meta_enable_content_width":"","neve_meta_content_width":0,"neve_meta_title_alignment":"","neve_meta_author_avatar":"","neve_post_elements_order":"","neve_meta_disable_header":"","neve_meta_disable_footer":"","neve_meta_disable_title":"on","footnotes":""},"class_list":["post-1223","page","type-page","status-publish","hentry"],"jetpack_sharing_enabled":true,"_links":{"self":[{"href":"https:\/\/mouvements-modernes.eu\/en\/wp-json\/wp\/v2\/pages\/1223","targetHints":{"allow":["GET"]}}],"collection":[{"href":"https:\/\/mouvements-modernes.eu\/en\/wp-json\/wp\/v2\/pages"}],"about":[{"href":"https:\/\/mouvements-modernes.eu\/en\/wp-json\/wp\/v2\/types\/page"}],"author":[{"embeddable":true,"href":"https:\/\/mouvements-modernes.eu\/en\/wp-json\/wp\/v2\/users\/2"}],"replies":[{"embeddable":true,"href":"https:\/\/mouvements-modernes.eu\/en\/wp-json\/wp\/v2\/comments?post=1223"}],"version-history":[{"count":240,"href":"https:\/\/mouvements-modernes.eu\/en\/wp-json\/wp\/v2\/pages\/1223\/revisions"}],"predecessor-version":[{"id":14625,"href":"https:\/\/mouvements-modernes.eu\/en\/wp-json\/wp\/v2\/pages\/1223\/revisions\/14625"}],"wp:attachment":[{"href":"https:\/\/mouvements-modernes.eu\/en\/wp-json\/wp\/v2\/media?parent=1223"}],"curies":[{"name":"wp","href":"https:\/\/api.w.org\/{rel}","templated":true}]}}